{"id":2,"date":"2020-07-04T17:34:37","date_gmt":"2020-07-04T15:34:37","guid":{"rendered":"http:\/\/morkarla-bigardar.se\/?page_id=2"},"modified":"2024-03-11T14:06:03","modified_gmt":"2024-03-11T13:06:03","slug":"exempelsida","status":"publish","type":"page","link":"https:\/\/morkarla-bigardar.se\/?page_id=2","title":{"rendered":"Om oss"},"content":{"rendered":"<div style=\"text-align:center\"><img loading=\"lazy\" decoding=\"async\" width=\"466\" height=\"321\" src=\"https:\/\/i0.wp.com\/morkarla-bigardar.se\/wp-content\/uploads\/2020\/12\/Logo.png?fit=466%2C321&amp;ssl=1\" class=\"attachment-post-thumbnail size-post-thumbnail wp-post-image\" alt=\"Om oss\" title=\"Om oss\" srcset=\"https:\/\/i0.wp.com\/morkarla-bigardar.se\/wp-content\/uploads\/2020\/12\/Logo.png?w=466&amp;ssl=1 466w, https:\/\/i0.wp.com\/morkarla-bigardar.se\/wp-content\/uploads\/2020\/12\/Logo.png?resize=300%2C207&amp;ssl=1 300w\" sizes=\"(max-width: 466px) 100vw, 466px\" \/><\/div>\n<figure class=\"wp-block-image size-full\"><img loading=\"lazy\" decoding=\"async\" width=\"676\" height=\"481\" src=\"https:\/\/i0.wp.com\/morkarla-bigardar.se\/wp-content\/uploads\/2022\/01\/morkarla-endast-logo.png?resize=676%2C481&#038;ssl=1\" alt=\"\" class=\"wp-image-680\" srcset=\"https:\/\/i0.wp.com\/morkarla-bigardar.se\/wp-content\/uploads\/2022\/01\/morkarla-endast-logo.png?w=829&amp;ssl=1 829w, https:\/\/i0.wp.com\/morkarla-bigardar.se\/wp-content\/uploads\/2022\/01\/morkarla-endast-logo.png?resize=300%2C214&amp;ssl=1 300w, https:\/\/i0.wp.com\/morkarla-bigardar.se\/wp-content\/uploads\/2022\/01\/morkarla-endast-logo.png?resize=768%2C547&amp;ssl=1 768w, https:\/\/i0.wp.com\/morkarla-bigardar.se\/wp-content\/uploads\/2022\/01\/morkarla-endast-logo.png?resize=600%2C427&amp;ssl=1 600w\" sizes=\"(max-width: 676px) 100vw, 676px\" data-recalc-dims=\"1\" \/><\/figure>\n\n\n\n<p>Producera honung som smakar och doftar v\u00e4xter och blommor i n\u00e4rheten d\u00e4r du bor, och samtidigt hj\u00e4lpa b\u00f6nderna i trakten pollinera sina \u00e5krar, b\u00e4rbuskar och frukttr\u00e4d \u00e4r dr\u00f6mmen vi h\u00e5ller p\u00e5 att f\u00f6rverkliga.<\/p>\n\n\n\n<p>Vi \u00e4r Johan och Monique Widingsj\u00f6 och tog 2020 steget fr\u00e5n hobbybiodling i en liten skala till yrkesbiodling. Ett stort steg gjordes n\u00e4r vi k\u00f6pte en g\u00e5rd i Morkarla socken d\u00e4r det finns utrymme att v\u00e4xa. H\u00e4r har vi ett antal big\u00e5rdar och det mesta av v\u00e5r verksamhet.<\/p>\n\n\n\n<p>Verksamheten startades 2017 som hobbyverksamhet och bedrivs sedan 2020 i f\u00f6retagsform. Antalet samh\u00e4llen har v\u00e4xt kontinuerligt och f\u00f6retaget befinner sig i en expansionsfas.<\/p>\n\n\n\n<p>Biodlingen bedrivs s\u00e5 l\u00e5ngt som m\u00f6jligt med ekologiska metoder, dock inte helt enligt KRAV Honung eller IP Sigill Biodling. Merparten av big\u00e5rdar finns p\u00e5 ekologiskt brukad mark.<\/p>\n\n\n\n<div class=\"wp-block-columns is-layout-flex wp-container-core-columns-layout-1 wp-block-columns-is-layout-flex\">\n<div class=\"wp-block-column is-layout-flow wp-block-column-is-layout-flow\">\n<figure class=\"wp-block-image size-large\"><img loading=\"lazy\" decoding=\"async\" width=\"676\" height=\"429\" src=\"https:\/\/i0.wp.com\/morkarla-bigardar.se\/wp-content\/uploads\/2022\/02\/GesallkortA.jpg?resize=676%2C429&#038;ssl=1\" alt=\"\" class=\"wp-image-818\" srcset=\"https:\/\/i0.wp.com\/morkarla-bigardar.se\/wp-content\/uploads\/2022\/02\/GesallkortA.jpg?resize=1024%2C650&amp;ssl=1 1024w, https:\/\/i0.wp.com\/morkarla-bigardar.se\/wp-content\/uploads\/2022\/02\/GesallkortA.jpg?resize=300%2C190&amp;ssl=1 300w, https:\/\/i0.wp.com\/morkarla-bigardar.se\/wp-content\/uploads\/2022\/02\/GesallkortA.jpg?resize=768%2C487&amp;ssl=1 768w, https:\/\/i0.wp.com\/morkarla-bigardar.se\/wp-content\/uploads\/2022\/02\/GesallkortA.jpg?resize=1536%2C975&amp;ssl=1 1536w, https:\/\/i0.wp.com\/morkarla-bigardar.se\/wp-content\/uploads\/2022\/02\/GesallkortA.jpg?resize=2048%2C1299&amp;ssl=1 2048w, https:\/\/i0.wp.com\/morkarla-bigardar.se\/wp-content\/uploads\/2022\/02\/GesallkortA.jpg?resize=600%2C381&amp;ssl=1 600w, https:\/\/i0.wp.com\/morkarla-bigardar.se\/wp-content\/uploads\/2022\/02\/GesallkortA.jpg?resize=945%2C600&amp;ssl=1 945w, https:\/\/i0.wp.com\/morkarla-bigardar.se\/wp-content\/uploads\/2022\/02\/GesallkortA.jpg?w=1352&amp;ssl=1 1352w\" sizes=\"(max-width: 676px) 100vw, 676px\" data-recalc-dims=\"1\" \/><figcaption>Johan \u00e4r utbildad yrkesbiodlare,<br>Monique \u00e4r utbildad yrkesbiodlare med ges\u00e4llbrev<\/figcaption><\/figure>\n\n\n\n<p><\/p>\n<\/div>\n\n\n\n<div class=\"wp-block-column is-layout-flow wp-block-column-is-layout-flow\">\n<p><\/p>\n<\/div>\n<\/div>\n\n\n\n<h5 class=\"wp-block-heading\" id=\"Medlem\">Vi \u00e4r medlem i:<\/h5>\n\n\n\n<div class=\"wp-block-columns is-layout-flex wp-container-core-columns-layout-2 wp-block-columns-is-layout-flex\">\n<div class=\"wp-block-column is-layout-flow wp-block-column-is-layout-flow\">\n<div class=\"wp-block-image\"><figure class=\"aligncenter size-full\"><img loading=\"lazy\" decoding=\"async\" width=\"100\" height=\"95\" src=\"https:\/\/i0.wp.com\/morkarla-bigardar.se\/wp-content\/uploads\/2023\/11\/Vara-bin.png?resize=100%2C95&#038;ssl=1\" alt=\"\" class=\"wp-image-1114\" data-recalc-dims=\"1\"\/><figcaption><a href=\"https:\/\/xn--vrabin-iua.se\/\" target=\"_blank\" rel=\"noreferrer noopener nofollow\" class=\"external external_icon\">V\u00e5ra Bin<\/a><\/figcaption><\/figure><\/div>\n<\/div>\n\n\n\n<div class=\"wp-block-column is-layout-flow wp-block-column-is-layout-flow\">\n<figure class=\"wp-block-image size-large\"><img loading=\"lazy\" decoding=\"async\" width=\"676\" height=\"254\" src=\"https:\/\/i0.wp.com\/morkarla-bigardar.se\/wp-content\/uploads\/2020\/12\/Biodlingsforetagarna.jpg?resize=676%2C254&#038;ssl=1\" alt=\"Biodlingsforetagarna\" class=\"wp-image-175\" srcset=\"https:\/\/i0.wp.com\/morkarla-bigardar.se\/wp-content\/uploads\/2020\/12\/Biodlingsforetagarna.jpg?w=837&amp;ssl=1 837w, https:\/\/i0.wp.com\/morkarla-bigardar.se\/wp-content\/uploads\/2020\/12\/Biodlingsforetagarna.jpg?resize=300%2C113&amp;ssl=1 300w, https:\/\/i0.wp.com\/morkarla-bigardar.se\/wp-content\/uploads\/2020\/12\/Biodlingsforetagarna.jpg?resize=768%2C289&amp;ssl=1 768w, https:\/\/i0.wp.com\/morkarla-bigardar.se\/wp-content\/uploads\/2020\/12\/Biodlingsforetagarna.jpg?resize=600%2C226&amp;ssl=1 600w\" sizes=\"(max-width: 676px) 100vw, 676px\" data-recalc-dims=\"1\" \/><figcaption><a rel=\"noreferrer noopener nofollow\" href=\"http:\/\/www.biodlingsforetagarna.se\/\" target=\"_blank\" class=\"external external_icon\">Biodlingsf\u00f6retagarna<\/a><\/figcaption><\/figure>\n<\/div>\n\n\n\n<div class=\"wp-block-column is-layout-flow wp-block-column-is-layout-flow\">\n<div class=\"wp-block-image\"><figure class=\"aligncenter size-large\"><img loading=\"lazy\" decoding=\"async\" width=\"80\" height=\"80\" src=\"https:\/\/i0.wp.com\/morkarla-bigardar.se\/wp-content\/uploads\/2021\/01\/SCG.jpg?resize=80%2C80&#038;ssl=1\" alt=\"\" class=\"wp-image-209\" data-recalc-dims=\"1\"\/><figcaption><a href=\"http:\/\/www.carnicagruppen.se\/\" data-type=\"URL\" data-id=\"http:\/\/www.carnicagruppen.se\/\" target=\"_blank\" rel=\"noreferrer noopener nofollow\" class=\"external external_icon\">Svenska Carnica Gruppen<\/a><\/figcaption><\/figure><\/div>\n<\/div>\n<\/div>\n\n\n\n<div class=\"wp-block-columns is-layout-flex wp-container-core-columns-layout-3 wp-block-columns-is-layout-flex\">\n<div class=\"wp-block-column is-layout-flow wp-block-column-is-layout-flow\">\n<div class=\"wp-block-image\"><figure class=\"aligncenter size-large is-resized\"><img loading=\"lazy\" decoding=\"async\" src=\"https:\/\/i0.wp.com\/morkarla-bigardar.se\/wp-content\/uploads\/2021\/02\/vi_stottar_svenska_bin_2020_transparant.png?resize=192%2C192&#038;ssl=1\" alt=\"Svenska Bin\" class=\"wp-image-297\" width=\"192\" height=\"192\" srcset=\"https:\/\/i0.wp.com\/morkarla-bigardar.se\/wp-content\/uploads\/2021\/02\/vi_stottar_svenska_bin_2020_transparant.png?w=768&amp;ssl=1 768w, https:\/\/i0.wp.com\/morkarla-bigardar.se\/wp-content\/uploads\/2021\/02\/vi_stottar_svenska_bin_2020_transparant.png?resize=300%2C300&amp;ssl=1 300w, https:\/\/i0.wp.com\/morkarla-bigardar.se\/wp-content\/uploads\/2021\/02\/vi_stottar_svenska_bin_2020_transparant.png?resize=150%2C150&amp;ssl=1 150w, https:\/\/i0.wp.com\/morkarla-bigardar.se\/wp-content\/uploads\/2021\/02\/vi_stottar_svenska_bin_2020_transparant.png?resize=600%2C600&amp;ssl=1 600w\" sizes=\"(max-width: 192px) 100vw, 192px\" data-recalc-dims=\"1\" \/><figcaption><a href=\"https:\/\/svenskabin.se\/\" target=\"_blank\" rel=\"noreferrer noopener nofollow\" class=\"external external_icon\">Svenska Bin<\/a><\/figcaption><\/figure><\/div>\n<\/div>\n\n\n\n<div class=\"wp-block-column is-layout-flow wp-block-column-is-layout-flow\">\n<div class=\"wp-block-image\"><figure class=\"aligncenter size-full\"><img loading=\"lazy\" decoding=\"async\" width=\"388\" height=\"384\" src=\"https:\/\/i0.wp.com\/morkarla-bigardar.se\/wp-content\/uploads\/2022\/02\/Honungsringen.png?resize=388%2C384&#038;ssl=1\" alt=\"\" class=\"wp-image-871\" srcset=\"https:\/\/i0.wp.com\/morkarla-bigardar.se\/wp-content\/uploads\/2022\/02\/Honungsringen.png?w=388&amp;ssl=1 388w, https:\/\/i0.wp.com\/morkarla-bigardar.se\/wp-content\/uploads\/2022\/02\/Honungsringen.png?resize=300%2C297&amp;ssl=1 300w\" sizes=\"(max-width: 388px) 100vw, 388px\" data-recalc-dims=\"1\" \/><figcaption><a href=\"https:\/\/www.honungsringen.se\/\" target=\"_blank\" rel=\"noreferrer noopener nofollow\" class=\"external external_icon\">Honungsringen<\/a><\/figcaption><\/figure><\/div>\n<\/div>\n\n\n\n<div class=\"wp-block-column is-layout-flow wp-block-column-is-layout-flow\">\n<div class=\"wp-block-image\"><figure class=\"aligncenter size-full\"><img loading=\"lazy\" decoding=\"async\" width=\"361\" height=\"140\" src=\"https:\/\/i0.wp.com\/morkarla-bigardar.se\/wp-content\/uploads\/2020\/12\/SBR.jpg?resize=361%2C140&#038;ssl=1\" alt=\"Sveriges Biodlares Riksf\u00f6rbund\" class=\"wp-image-173\" srcset=\"https:\/\/i0.wp.com\/morkarla-bigardar.se\/wp-content\/uploads\/2020\/12\/SBR.jpg?w=361&amp;ssl=1 361w, https:\/\/i0.wp.com\/morkarla-bigardar.se\/wp-content\/uploads\/2020\/12\/SBR.jpg?resize=300%2C116&amp;ssl=1 300w\" sizes=\"(max-width: 361px) 100vw, 361px\" data-recalc-dims=\"1\" \/><figcaption><a href=\"https:\/\/www.biodlarna.se\/\" target=\"_blank\" rel=\"noreferrer noopener nofollow\" class=\"external external_icon\">Sveriges Biodlares Riksf\u00f6rbund<\/a><\/figcaption><\/figure><\/div>\n<\/div>\n<\/div>\n\n\n\n<p><\/p>\n","protected":false},"excerpt":{"rendered":"<p>Producera honung som smakar och doftar v\u00e4xter och blommor i n\u00e4rheten d\u00e4r du bor, och samtidigt hj\u00e4lpa b\u00f6nderna i trakten pollinera sina \u00e5krar, b\u00e4rbuskar och frukttr\u00e4d \u00e4r dr\u00f6mmen vi h\u00e5ller p\u00e5 att f\u00f6rverkliga. Vi \u00e4r Johan och Monique Widingsj\u00f6 och&#8230; <a class=\"more-link\" href=\"https:\/\/morkarla-bigardar.se\/?page_id=2\">Forts\u00e4tt l\u00e4sa &rarr;<\/a><\/p>\n","protected":false},"author":2,"featured_media":160,"parent":0,"menu_order":0,"comment_status":"closed","ping_status":"open","template":"","meta":{"jetpack_post_was_ever_published":false,"footnotes":"","_mc_calendar":[]},"folder":[24],"jetpack_sharing_enabled":true,"jetpack_likes_enabled":true,"_links":{"self":[{"href":"https:\/\/morkarla-bigardar.se\/index.php?rest_route=\/wp\/v2\/pages\/2"}],"collection":[{"href":"https:\/\/morkarla-bigardar.se\/index.php?rest_route=\/wp\/v2\/pages"}],"about":[{"href":"https:\/\/morkarla-bigardar.se\/index.php?rest_route=\/wp\/v2\/types\/page"}],"author":[{"embeddable":true,"href":"https:\/\/morkarla-bigardar.se\/index.php?rest_route=\/wp\/v2\/users\/2"}],"replies":[{"embeddable":true,"href":"https:\/\/morkarla-bigardar.se\/index.php?rest_route=%2Fwp%2Fv2%2Fcomments&post=2"}],"version-history":[{"count":38,"href":"https:\/\/morkarla-bigardar.se\/index.php?rest_route=\/wp\/v2\/pages\/2\/revisions"}],"predecessor-version":[{"id":1131,"href":"https:\/\/morkarla-bigardar.se\/index.php?rest_route=\/wp\/v2\/pages\/2\/revisions\/1131"}],"wp:featuredmedia":[{"embeddable":true,"href":"https:\/\/morkarla-bigardar.se\/index.php?rest_route=\/wp\/v2\/media\/160"}],"wp:attachment":[{"href":"https:\/\/morkarla-bigardar.se\/index.php?rest_route=%2Fwp%2Fv2%2Fmedia&parent=2"}],"wp:term":[{"taxonomy":"folder","embeddable":true,"href":"https:\/\/morkarla-bigardar.se\/index.php?rest_route=%2Fwp%2Fv2%2Ffolder&post=2"}],"curies":[{"name":"wp","href":"https:\/\/api.w.org\/{rel}","templated":true}]}}